{"id":2213,"date":"2023-01-10T12:06:10","date_gmt":"2023-01-10T12:06:10","guid":{"rendered":"https:\/\/www.tankreds.com\/?post_type=product&#038;p=2213"},"modified":"2023-10-01T18:16:24","modified_gmt":"2023-10-01T18:16:24","slug":"voucher-na-sesje-meska","status":"publish","type":"product","link":"https:\/\/www.tankreds.com\/?product=voucher-na-sesje-meska","title":{"rendered":"VOUCHER NA SESJE M\u0118SK\u0104"},"content":{"rendered":"<h1><mark class=\"has-inline-color\">Sesja m\u0119ska<\/mark><\/h1>\n<figure class=\"wp-block-pullquote alignwide has-text-align-center\">\n<blockquote><p>Podobnie jak sesja kobieca, sesja m\u0119ska realizowana jest na wiele sposob\u00f3w i pomys\u0142\u00f3w. Miejscem do takiej sesji mo\u017ce by\u0107 zar\u00f3wno studio, plener, dom czy apartament. To Ty decydujesz, jakiego rodzaju zdj\u0119cia najbardziej Ci odpowiadaj\u0105. Czy b\u0119dzie to sesja ukazuj\u0105ca Ci\u0119 jako twardego faceta, troskliwego opiekuna czy romantyka. Tu te\u017c Ty decydujesz o tym, w kierunku jakiego wizerunku b\u0119dziemy pod\u0105\u017ca\u0107. Elegancji, biznesu, mo\u017ce jako sportowiec?<\/p><\/blockquote>\n<\/figure>\n<h2>Warunki sesji m\u0119skiej<\/h2>\n<ul>\n<li>czas trwania 3h<\/li>\n<li>miejsce studio, dom, plener, apartament, praca, itp.<\/li>\n<li>efekt 10 zdj\u0119\u0107 w formie cyfrowej po retuszu<\/li>\n<li>okres wa\u017cno\u015bci 6 miesi\u0119cy<\/li>\n<li>koszty wynajmu studia czy apartamentu nie s\u0105 wliczone w cen\u0119<\/li>\n<li>dojazd na miejsce sesji bezp\u0142atny w granicach \u0141odzi<\/li>\n<\/ul>\n<h2>Zalecenia do sesji m\u0119skiej<\/h2>\n<ul>\n<li>fryzura we w\u0142asnym zakresie<\/li>\n<li>stylizacje we w\u0142asnym zakresie, najlepiej kilka<\/li>\n<li>punktualne przybycie (najlepiej 15 minut przed um\u00f3wion\u0105 godzin\u0105)<\/li>\n<li>informacja i zdj\u0119cie uczestnika sesji co najmniej na tydzie\u0144 przed sesj\u0105<\/li>\n<li>wybranie rodzaju zdj\u0119\u0107, miejsca i om\u00f3wienie przebiegu sesji<\/li>\n<\/ul>\n","protected":false},"excerpt":{"rendered":"<p>Sesja dla pan\u00f3w<\/p>\n","protected":false},"featured_media":2215,"template":"","meta":{"_monsterinsights_skip_tracking":false,"_monsterinsights_sitenote_active":false,"_monsterinsights_sitenote_note":"","_monsterinsights_sitenote_category":0},"product_brand":[],"product_cat":[92],"product_tag":[],"class_list":{"0":"post-2213","1":"product","2":"type-product","3":"status-publish","4":"has-post-thumbnail","6":"product_cat-meska","7":"entry","9":"first","10":"outofstock","11":"downloadable","12":"sold-individually","13":"taxable","14":"shipping-taxable","15":"purchasable","16":"product-type-simple"},"jetpack_sharing_enabled":true,"_links":{"self":[{"href":"https:\/\/www.tankreds.com\/index.php?rest_route=\/wp\/v2\/product\/2213","targetHints":{"allow":["GET"]}}],"collection":[{"href":"https:\/\/www.tankreds.com\/index.php?rest_route=\/wp\/v2\/product"}],"about":[{"href":"https:\/\/www.tankreds.com\/index.php?rest_route=\/wp\/v2\/types\/product"}],"wp:featuredmedia":[{"embeddable":true,"href":"https:\/\/www.tankreds.com\/index.php?rest_route=\/wp\/v2\/media\/2215"}],"wp:attachment":[{"href":"https:\/\/www.tankreds.com\/index.php?rest_route=%2Fwp%2Fv2%2Fmedia&parent=2213"}],"wp:term":[{"taxonomy":"product_brand","embeddable":true,"href":"https:\/\/www.tankreds.com\/index.php?rest_route=%2Fwp%2Fv2%2Fproduct_brand&post=2213"},{"taxonomy":"product_cat","embeddable":true,"href":"https:\/\/www.tankreds.com\/index.php?rest_route=%2Fwp%2Fv2%2Fproduct_cat&post=2213"},{"taxonomy":"product_tag","embeddable":true,"href":"https:\/\/www.tankreds.com\/index.php?rest_route=%2Fwp%2Fv2%2Fproduct_tag&post=2213"}],"curies":[{"name":"wp","href":"https:\/\/api.w.org\/{rel}","templated":true}]}}