{"id":2211,"date":"2023-01-10T11:40:53","date_gmt":"2023-01-10T11:40:53","guid":{"rendered":"https:\/\/www.tankreds.com\/?post_type=product&#038;p=2211"},"modified":"2023-10-01T18:01:38","modified_gmt":"2023-10-01T18:01:38","slug":"voucher-na-sesje-portretowa-dla-par","status":"publish","type":"product","link":"https:\/\/www.tankreds.com\/?product=voucher-na-sesje-portretowa-dla-par","title":{"rendered":"VOUCHER NA SESJE PORTRETOW\u0104 &#8211; Dla par"},"content":{"rendered":"<h1><mark class=\"has-inline-color\">Sesja portretowa dla par<\/mark><\/h1>\n<figure class=\"wp-block-pullquote alignwide has-text-align-center\">\n<blockquote><p>Sesja dedykowana dla par, czyli dw\u00f3ch os\u00f3b, bez wzgl\u0119du na ich relacj\u0119. Mo\u017ce by\u0107 to para zakochanych, para rodze\u0144stwa czy rodzic z dzieckiem. Mo\u017ce by\u0107 to r\u00f3wnie\u017c starsza pani z kotem, czy ch\u0142opiec z psem. Tu skupiamy si\u0119 bardziej na relacji pomi\u0119dzy dwoma postaciami, ni\u017c na wygl\u0105dzie jednej czy drugiej osoby. Oczywi\u015bcie jest to r\u00f3wnie\u017c wa\u017cny aspekt, ale istotniejsze jest uchwycenie zwi\u0105zku z drug\u0105 osob\u0105 czy przyjacielem w postaci zwierz\u0119cia.<\/p><\/blockquote>\n<\/figure>\n<h2>Warunki sesji portretowej dla par<\/h2>\n<ul>\n<li>czas trwania 2h<\/li>\n<li>miejsce studio Houston 5<\/li>\n<li>efekt 6 zdj\u0119\u0107 w formie cyfrowej po retuszu<\/li>\n<li>okres wa\u017cno\u015bci 6 miesi\u0119cy<\/li>\n<\/ul>\n<h2>Zalecenia do sesji portretowej dla par<\/h2>\n<ul>\n<li>fryzury we w\u0142asnym zakresie<\/li>\n<li>stylizacje we w\u0142asnym zakresie, najlepiej kilka<\/li>\n<li>punktualne przybycie (najlepiej 15 minut przed um\u00f3wion\u0105 godzin\u0105)<\/li>\n<li>informacje i zdj\u0119cia uczestnik\u00f3w sesji co najmniej na tydzie\u0144 przed sesj\u0105<\/li>\n<\/ul>\n","protected":false},"excerpt":{"rendered":"<p>Sesja dla pa\u0144<\/p>\n","protected":false},"featured_media":1677,"template":"","meta":{"_monsterinsights_skip_tracking":false,"_monsterinsights_sitenote_active":false,"_monsterinsights_sitenote_note":"","_monsterinsights_sitenote_category":0},"product_brand":[],"product_cat":[87,92],"product_tag":[],"class_list":{"0":"post-2211","1":"product","2":"type-product","3":"status-publish","4":"has-post-thumbnail","6":"product_cat-sesja-kobieca","7":"product_cat-meska","8":"entry","10":"first","11":"instock","12":"taxable","13":"shipping-taxable","14":"purchasable","15":"product-type-simple"},"jetpack_sharing_enabled":true,"_links":{"self":[{"href":"https:\/\/www.tankreds.com\/index.php?rest_route=\/wp\/v2\/product\/2211","targetHints":{"allow":["GET"]}}],"collection":[{"href":"https:\/\/www.tankreds.com\/index.php?rest_route=\/wp\/v2\/product"}],"about":[{"href":"https:\/\/www.tankreds.com\/index.php?rest_route=\/wp\/v2\/types\/product"}],"wp:featuredmedia":[{"embeddable":true,"href":"https:\/\/www.tankreds.com\/index.php?rest_route=\/wp\/v2\/media\/1677"}],"wp:attachment":[{"href":"https:\/\/www.tankreds.com\/index.php?rest_route=%2Fwp%2Fv2%2Fmedia&parent=2211"}],"wp:term":[{"taxonomy":"product_brand","embeddable":true,"href":"https:\/\/www.tankreds.com\/index.php?rest_route=%2Fwp%2Fv2%2Fproduct_brand&post=2211"},{"taxonomy":"product_cat","embeddable":true,"href":"https:\/\/www.tankreds.com\/index.php?rest_route=%2Fwp%2Fv2%2Fproduct_cat&post=2211"},{"taxonomy":"product_tag","embeddable":true,"href":"https:\/\/www.tankreds.com\/index.php?rest_route=%2Fwp%2Fv2%2Fproduct_tag&post=2211"}],"curies":[{"name":"wp","href":"https:\/\/api.w.org\/{rel}","templated":true}]}}