{"id":2210,"date":"2023-01-10T11:32:04","date_gmt":"2023-01-10T11:32:04","guid":{"rendered":"https:\/\/www.tankreds.com\/?post_type=product&#038;p=2210"},"modified":"2023-10-01T18:18:11","modified_gmt":"2023-10-01T18:18:11","slug":"voucher-na-sesje-portretowa-meska","status":"publish","type":"product","link":"https:\/\/www.tankreds.com\/?product=voucher-na-sesje-portretowa-meska","title":{"rendered":"VOUCHER NA SESJE PORTRETOW\u0104 &#8211; M\u0119sk\u0105"},"content":{"rendered":"<h1><mark class=\"has-inline-color\">Sesja portretowa m\u0119ska<\/mark><\/h1>\n<figure class=\"wp-block-pullquote alignwide has-text-align-center\">\n<blockquote><p>Sesja portretowa przeznaczona jest dla m\u0119\u017cczyzn w ka\u017cdym wieku, zdj\u0119cia wykonywane s\u0105 w studiu fotograficznym w r\u00f3\u017cnym rodzaju o\u015bwietlenia w zale\u017cno\u015bci od potrzeb i wizji oraz wygl\u0105du fotografowanej osoby.<\/p><\/blockquote>\n<\/figure>\n<h2>Warunki sesji portretowej m\u0119skiej<\/h2>\n<ul>\n<li>czas trwania 2h<\/li>\n<li>miejsce studio Houston 5<\/li>\n<li>efekt 6 zdj\u0119\u0107 w formie cyfrowej po retuszu<\/li>\n<li>okres wa\u017cno\u015bci 6 miesi\u0119cy<\/li>\n<\/ul>\n<h2>Zalecenia do sesji portretowej m\u0119skiej<\/h2>\n<ul>\n<li>fryzura we w\u0142asnym zakresie<\/li>\n<li>stylizacje we w\u0142asnym zakresie najlepiej kilka<\/li>\n<li>punktualne przybycie (najlepiej 15 minut przed um\u00f3wion\u0105 godzin\u0105)<\/li>\n<\/ul>\n","protected":false},"excerpt":{"rendered":"<p>Sesja dla pan\u00f3w<\/p>\n","protected":false},"featured_media":1228,"template":"","meta":{"_monsterinsights_skip_tracking":false,"_monsterinsights_sitenote_active":false,"_monsterinsights_sitenote_note":"","_monsterinsights_sitenote_category":0},"product_brand":[],"product_cat":[86],"product_tag":[],"class_list":{"0":"post-2210","1":"product","2":"type-product","3":"status-publish","4":"has-post-thumbnail","6":"product_cat-bez-kategorii","7":"entry","9":"first","10":"instock","11":"taxable","12":"shipping-taxable","13":"purchasable","14":"product-type-simple"},"jetpack_sharing_enabled":true,"_links":{"self":[{"href":"https:\/\/www.tankreds.com\/index.php?rest_route=\/wp\/v2\/product\/2210","targetHints":{"allow":["GET"]}}],"collection":[{"href":"https:\/\/www.tankreds.com\/index.php?rest_route=\/wp\/v2\/product"}],"about":[{"href":"https:\/\/www.tankreds.com\/index.php?rest_route=\/wp\/v2\/types\/product"}],"wp:featuredmedia":[{"embeddable":true,"href":"https:\/\/www.tankreds.com\/index.php?rest_route=\/wp\/v2\/media\/1228"}],"wp:attachment":[{"href":"https:\/\/www.tankreds.com\/index.php?rest_route=%2Fwp%2Fv2%2Fmedia&parent=2210"}],"wp:term":[{"taxonomy":"product_brand","embeddable":true,"href":"https:\/\/www.tankreds.com\/index.php?rest_route=%2Fwp%2Fv2%2Fproduct_brand&post=2210"},{"taxonomy":"product_cat","embeddable":true,"href":"https:\/\/www.tankreds.com\/index.php?rest_route=%2Fwp%2Fv2%2Fproduct_cat&post=2210"},{"taxonomy":"product_tag","embeddable":true,"href":"https:\/\/www.tankreds.com\/index.php?rest_route=%2Fwp%2Fv2%2Fproduct_tag&post=2210"}],"curies":[{"name":"wp","href":"https:\/\/api.w.org\/{rel}","templated":true}]}}