{"id":60,"date":"2018-02-27T19:23:49","date_gmt":"2018-02-27T19:23:49","guid":{"rendered":"http:\/\/www.tankreds.com\/?page_id=60"},"modified":"2023-01-15T11:33:35","modified_gmt":"2023-01-15T11:33:35","slug":"kontakt","status":"publish","type":"page","link":"https:\/\/www.tankreds.com\/?page_id=60","title":{"rendered":"Kontakt"},"content":{"rendered":"<h2>Zapraszamy po uprzednim kontakcie z nami !<\/h2>\n<h2>tel. 790-890-558<\/h2>\n<h2 style=\"text-align: left;\">Email:\u00a0 \u00a0 \u00a0 \u00a0 \u00a0 \u00a0 \u00a0 \u00a0 \u00a0 \u00a0 \u00a0 \u00a0 \u00a0 \u00a0<\/h2>\n<h2 style=\"text-align: left;\">tan@tankreds.com<\/h2>\n<h2 style=\"text-align: left;\">blankred.com@gmail.com<\/h2>\n<p>\u00a0 \u00a0 \u00a0 \u00a0 \u00a0 \u00a0 \u00a0 \u00a0\u00a0<\/p>\n<p>\u00a0<\/p>\n\n\n<div class=\"wp-block-cover is-light\"><span aria-hidden=\"true\" class=\"wp-block-cover__background has-background-dim-10 has-background-dim\"><\/span><img loading=\"lazy\" decoding=\"async\" width=\"1000\" height=\"640\" class=\"wp-block-cover__image-background wp-image-2182\" alt=\"mapa lodzi\" src=\"https:\/\/www.tankreds.com\/wp-content\/uploads\/2023\/01\/mapa-lodzi.png\" data-object-fit=\"cover\" srcset=\"https:\/\/www.tankreds.com\/wp-content\/uploads\/2023\/01\/mapa-lodzi.png 1000w, https:\/\/www.tankreds.com\/wp-content\/uploads\/2023\/01\/mapa-lodzi-300x192.png 300w, https:\/\/www.tankreds.com\/wp-content\/uploads\/2023\/01\/mapa-lodzi-768x492.png 768w, https:\/\/www.tankreds.com\/wp-content\/uploads\/2023\/01\/mapa-lodzi-600x384.png 600w\" sizes=\"auto, (max-width: 1000px) 100vw, 1000px\" \/><div class=\"wp-block-cover__inner-container is-layout-flow wp-block-cover-is-layout-flow\">\n<p class=\"has-text-align-center has-large-font-size\"><strong>Nasza lokalizacja<\/strong><\/p>\n\n\n\n<p class=\"has-text-align-center\"><strong>\u0141\u00f3d\u017a Widzew &#8211; Andrzej\u00f3w<\/strong><\/p>\n<\/div><\/div>\n","protected":false},"excerpt":{"rendered":"<p>Zapraszamy po uprzednim kontakcie z nami ! tel. 790-890-558 Email:\u00a0 \u00a0 \u00a0 \u00a0 \u00a0 \u00a0 \u00a0 \u00a0 \u00a0 \u00a0 \u00a0 \u00a0 \u00a0 \u00a0 tan@tankreds.com blankred.com@gmail.com \u00a0 \u00a0 \u00a0 \u00a0 \u00a0 \u00a0 \u00a0 \u00a0\u00a0 \u00a0<\/p>\n","protected":false},"author":1,"featured_media":0,"parent":0,"menu_order":0,"comment_status":"closed","ping_status":"closed","template":"","meta":{"_monsterinsights_skip_tracking":false,"_monsterinsights_sitenote_active":false,"_monsterinsights_sitenote_note":"","_monsterinsights_sitenote_category":0,"footnotes":""},"class_list":["post-60","page","type-page","status-publish","entry"],"jetpack_sharing_enabled":true,"_links":{"self":[{"href":"https:\/\/www.tankreds.com\/index.php?rest_route=\/wp\/v2\/pages\/60","targetHints":{"allow":["GET"]}}],"collection":[{"href":"https:\/\/www.tankreds.com\/index.php?rest_route=\/wp\/v2\/pages"}],"about":[{"href":"https:\/\/www.tankreds.com\/index.php?rest_route=\/wp\/v2\/types\/page"}],"author":[{"embeddable":true,"href":"https:\/\/www.tankreds.com\/index.php?rest_route=\/wp\/v2\/users\/1"}],"replies":[{"embeddable":true,"href":"https:\/\/www.tankreds.com\/index.php?rest_route=%2Fwp%2Fv2%2Fcomments&post=60"}],"version-history":[{"count":9,"href":"https:\/\/www.tankreds.com\/index.php?rest_route=\/wp\/v2\/pages\/60\/revisions"}],"predecessor-version":[{"id":2236,"href":"https:\/\/www.tankreds.com\/index.php?rest_route=\/wp\/v2\/pages\/60\/revisions\/2236"}],"wp:attachment":[{"href":"https:\/\/www.tankreds.com\/index.php?rest_route=%2Fwp%2Fv2%2Fmedia&parent=60"}],"curies":[{"name":"wp","href":"https:\/\/api.w.org\/{rel}","templated":true}]}}