{"id":2096,"date":"2023-01-06T14:06:26","date_gmt":"2023-01-06T14:06:26","guid":{"rendered":"https:\/\/www.tankreds.com\/?page_id=2096"},"modified":"2023-01-06T14:06:35","modified_gmt":"2023-01-06T14:06:35","slug":"vouchery-na-sesje-zdjeciowe","status":"publish","type":"page","link":"https:\/\/www.tankreds.com\/?page_id=2096","title":{"rendered":"Vouchery na sesje zdj\u0119ciowe"},"content":{"rendered":"\n<h1 class=\"wp-block-heading\"><mark style=\"background-color:rgba(0, 0, 0, 0);color:#ff5724\" class=\"has-inline-color\"><a href=\"https:\/\/www.tankreds.com\/?product=voucher-na-sesje-kobiece\" target=\"_blank\" rel=\"noopener\" title=\"\">Sesja portretowa kobieca <\/a><\/mark><\/h1>\n\n\n\n<figure class=\"wp-block-pullquote alignwide has-text-align-center\"><blockquote><p>Sesja portretowa przeznaczona jest dla kobiet w ka\u017cdym wieku, zdj\u0119cia wykonywane s\u0105 w studiu fotograficznym w r\u00f3\u017cnym rodzaju o\u015bwietlenia w zale\u017cno\u015bci od potrzeb i wizji oraz wygl\u0105du fotografowanej osoby.<\/p><\/blockquote><\/figure>\n\n\n\n<h2 class=\"wp-block-heading\">Warunki sesji portretowej kobiecej<\/h2>\n\n\n\n<ul class=\"wp-block-list\">\n<li>czas trwania 2h<\/li>\n\n\n\n<li>miejsce studio Houston 5<\/li>\n\n\n\n<li>efekt 6 zdj\u0119\u0107 w formie cyfrowej po retuszu<\/li>\n\n\n\n<li>okres wa\u017cno\u015bci 6 miesi\u0119cy<\/li>\n<\/ul>\n\n\n\n<h2 class=\"wp-block-heading\">Zalecenia do sesji portretowej kobiecej<\/h2>\n\n\n\n<ul class=\"wp-block-list\">\n<li>makija\u017c we w\u0142asnym zakresie<\/li>\n\n\n\n<li>fryzura we w\u0142asnym zakresie<\/li>\n\n\n\n<li>stylizacje we w\u0142asnym zakresie, najlepiej kilka<\/li>\n\n\n\n<li>punktualne przybycie (najlepiej 15 minut przed um\u00f3wion\u0105 godzin\u0105)<\/li>\n<\/ul>\n\n\n\n<figure class=\"wp-block-image alignwide size-large is-style-default\"><a href=\"https:\/\/www.tankreds.com\/?attachment_id=1664\" target=\"_blank\" rel=\"noreferrer noopener\"><img loading=\"lazy\" decoding=\"async\" width=\"1024\" height=\"749\" src=\"https:\/\/www.tankreds.com\/wp-content\/uploads\/2022\/07\/test-2-446-1-1024x749.jpg\" alt=\"Portret dziewczyny\" class=\"wp-image-1664\" srcset=\"https:\/\/www.tankreds.com\/wp-content\/uploads\/2022\/07\/test-2-446-1-1024x749.jpg 1024w, https:\/\/www.tankreds.com\/wp-content\/uploads\/2022\/07\/test-2-446-1-300x220.jpg 300w, https:\/\/www.tankreds.com\/wp-content\/uploads\/2022\/07\/test-2-446-1-768x562.jpg 768w, https:\/\/www.tankreds.com\/wp-content\/uploads\/2022\/07\/test-2-446-1-1536x1124.jpg 1536w, https:\/\/www.tankreds.com\/wp-content\/uploads\/2022\/07\/test-2-446-1.jpg 1980w\" sizes=\"auto, (max-width: 1024px) 100vw, 1024px\" \/><\/a><figcaption class=\"wp-element-caption\">Zuzanna zdj\u0119cie portretowe<\/figcaption><\/figure>\n\n\n\n<figure class=\"wp-block-image alignfull size-large\"><a href=\"https:\/\/www.tankreds.com\/wp-content\/uploads\/2023\/01\/pasek-sepatator-scaled.jpg\"><img loading=\"lazy\" decoding=\"async\" width=\"1024\" height=\"13\" src=\"https:\/\/www.tankreds.com\/wp-content\/uploads\/2023\/01\/pasek-sepatator-1024x13.jpg\" alt=\"\" class=\"wp-image-2117\" srcset=\"https:\/\/www.tankreds.com\/wp-content\/uploads\/2023\/01\/pasek-sepatator-1024x13.jpg 1024w, https:\/\/www.tankreds.com\/wp-content\/uploads\/2023\/01\/pasek-sepatator-300x4.jpg 300w, https:\/\/www.tankreds.com\/wp-content\/uploads\/2023\/01\/pasek-sepatator-768x10.jpg 768w, https:\/\/www.tankreds.com\/wp-content\/uploads\/2023\/01\/pasek-sepatator-1536x19.jpg 1536w, https:\/\/www.tankreds.com\/wp-content\/uploads\/2023\/01\/pasek-sepatator-2048x25.jpg 2048w, https:\/\/www.tankreds.com\/wp-content\/uploads\/2023\/01\/pasek-sepatator-1140x14.jpg 1140w, https:\/\/www.tankreds.com\/wp-content\/uploads\/2023\/01\/pasek-sepatator-600x7.jpg 600w\" sizes=\"auto, (max-width: 1024px) 100vw, 1024px\" \/><\/a><\/figure>\n\n\n\n<h1 class=\"wp-block-heading\"><mark style=\"background-color:rgba(0, 0, 0, 0);color:#ff4d4d\" class=\"has-inline-color\">Sesja portretowa m\u0119ska<\/mark><\/h1>\n\n\n\n<figure class=\"wp-block-pullquote\"><blockquote><p>Sesja portretowa przeznaczona jest dla m\u0119\u017cczyzn w ka\u017cdym wieku, zdj\u0119cia wykonywane s\u0105 w studiu fotograficznym w r\u00f3\u017cnym rodzaju o\u015bwietlenia w zale\u017cno\u015bci od potrzeb i wizji oraz wygl\u0105du fotografowanej osoby.<\/p><\/blockquote><\/figure>\n\n\n\n<h2 class=\"wp-block-heading\">Warunki sesji portretowej m\u0119skiej<\/h2>\n\n\n\n<ul class=\"wp-block-list\">\n<li>czas trwania 2h<\/li>\n\n\n\n<li>miejsce studio Houston 5<\/li>\n\n\n\n<li>efekt 6 zdj\u0119\u0107 w formie cyfrowej po retuszu<\/li>\n\n\n\n<li>okres wa\u017cno\u015bci 6 miesi\u0119cy<\/li>\n<\/ul>\n\n\n\n<h2 class=\"wp-block-heading\">Zalecenia do sesji portretowej m\u0119skiej<\/h2>\n\n\n\n<ul class=\"wp-block-list\">\n<li>fryzura we w\u0142asnym zakresie<\/li>\n\n\n\n<li>stylizacje we w\u0142asnym zakresie najlepiej kilka<\/li>\n\n\n\n<li>punktualne przybycie (najlepiej 15 minut przed um\u00f3wion\u0105 godzin\u0105)<\/li>\n<\/ul>\n\n\n\n<figure class=\"wp-block-image alignwide size-large\"><a href=\"https:\/\/www.tankreds.com\/wp-content\/uploads\/2022\/08\/1_FZD.jpg\"><img loading=\"lazy\" decoding=\"async\" width=\"819\" height=\"1024\" src=\"https:\/\/www.tankreds.com\/wp-content\/uploads\/2022\/08\/1_FZD-819x1024.jpg\" alt=\"Facet z doniczk\u0105\" class=\"wp-image-1732\" srcset=\"https:\/\/www.tankreds.com\/wp-content\/uploads\/2022\/08\/1_FZD-819x1024.jpg 819w, https:\/\/www.tankreds.com\/wp-content\/uploads\/2022\/08\/1_FZD-240x300.jpg 240w, https:\/\/www.tankreds.com\/wp-content\/uploads\/2022\/08\/1_FZD-768x960.jpg 768w, https:\/\/www.tankreds.com\/wp-content\/uploads\/2022\/08\/1_FZD.jpg 960w\" sizes=\"auto, (max-width: 819px) 100vw, 819px\" \/><\/a><figcaption class=\"wp-element-caption\">Dama z \u0142asiczk\u0105 ? Nie facet z doniczk\u0105<\/figcaption><\/figure>\n\n\n\n<figure class=\"wp-block-image alignfull size-large\"><a href=\"https:\/\/www.tankreds.com\/wp-content\/uploads\/2023\/01\/pasek-sepatator-scaled.jpg\"><img loading=\"lazy\" decoding=\"async\" width=\"1024\" height=\"13\" src=\"https:\/\/www.tankreds.com\/wp-content\/uploads\/2023\/01\/pasek-sepatator-1024x13.jpg\" alt=\"\" class=\"wp-image-2117\" srcset=\"https:\/\/www.tankreds.com\/wp-content\/uploads\/2023\/01\/pasek-sepatator-1024x13.jpg 1024w, https:\/\/www.tankreds.com\/wp-content\/uploads\/2023\/01\/pasek-sepatator-300x4.jpg 300w, https:\/\/www.tankreds.com\/wp-content\/uploads\/2023\/01\/pasek-sepatator-768x10.jpg 768w, https:\/\/www.tankreds.com\/wp-content\/uploads\/2023\/01\/pasek-sepatator-1536x19.jpg 1536w, https:\/\/www.tankreds.com\/wp-content\/uploads\/2023\/01\/pasek-sepatator-2048x25.jpg 2048w, https:\/\/www.tankreds.com\/wp-content\/uploads\/2023\/01\/pasek-sepatator-1140x14.jpg 1140w, https:\/\/www.tankreds.com\/wp-content\/uploads\/2023\/01\/pasek-sepatator-600x7.jpg 600w\" sizes=\"auto, (max-width: 1024px) 100vw, 1024px\" \/><\/a><\/figure>\n\n\n\n<h1 class=\"wp-block-heading\"><mark style=\"background-color:rgba(0, 0, 0, 0);color:#ff4949\" class=\"has-inline-color\">Sesja portretowa dla par<\/mark><\/h1>\n\n\n\n<figure class=\"wp-block-pullquote\"><blockquote><p>Sesja dedykowana dla par, czyli dw\u00f3ch os\u00f3b, bez wzgl\u0119du na ich relacj\u0119. Mo\u017ce by\u0107 to para zakochanych, para rodze\u0144stwa czy rodzic z dzieckiem. Mo\u017ce by\u0107 to r\u00f3wnie\u017c starsza pani z kotem, czy ch\u0142opiec z psem. Tu skupiamy si\u0119 bardziej na relacji pomi\u0119dzy dwoma postaciami, ni\u017c na wygl\u0105dzie jednej czy drugiej osoby. Oczywi\u015bcie jest to r\u00f3wnie\u017c wa\u017cny aspekt, ale istotniejsze jest uchwycenie zwi\u0105zku z drug\u0105 osob\u0105 czy przyjacielem w postaci zwierz\u0119cia.<\/p><\/blockquote><\/figure>\n\n\n\n<h2 class=\"wp-block-heading\">Warunki sesji portretowej dla par<\/h2>\n\n\n\n<ul class=\"wp-block-list\">\n<li>czas trwania 2h<\/li>\n\n\n\n<li>miejsce studio Houston 5<\/li>\n\n\n\n<li>efekt 6 zdj\u0119\u0107 w formie cyfrowej po retuszu<\/li>\n\n\n\n<li>okres wa\u017cno\u015bci 6 miesi\u0119cy<\/li>\n<\/ul>\n\n\n\n<h2 class=\"wp-block-heading\">Zalecenia do sesji portretowej dla par<\/h2>\n\n\n\n<ul class=\"wp-block-list\">\n<li>fryzury we w\u0142asnym zakresie<\/li>\n\n\n\n<li>stylizacje we w\u0142asnym zakresie, najlepiej kilka<\/li>\n\n\n\n<li>punktualne przybycie (najlepiej 15 minut przed um\u00f3wion\u0105 godzin\u0105)<\/li>\n\n\n\n<li>informacje i zdj\u0119cia uczestnik\u00f3w sesji co najmniej na tydzie\u0144 przed sesj\u0105<\/li>\n<\/ul>\n\n\n\n<figure class=\"wp-block-image size-large\"><a href=\"https:\/\/www.tankreds.com\/wp-content\/uploads\/2022\/08\/22.jpg\"><img loading=\"lazy\" decoding=\"async\" width=\"821\" height=\"1024\" src=\"https:\/\/www.tankreds.com\/wp-content\/uploads\/2022\/08\/22-821x1024.jpg\" alt=\"Zdj\u0119cie portretowe pary\" class=\"wp-image-1677\" srcset=\"https:\/\/www.tankreds.com\/wp-content\/uploads\/2022\/08\/22-821x1024.jpg 821w, https:\/\/www.tankreds.com\/wp-content\/uploads\/2022\/08\/22-241x300.jpg 241w, https:\/\/www.tankreds.com\/wp-content\/uploads\/2022\/08\/22-768x958.jpg 768w, https:\/\/www.tankreds.com\/wp-content\/uploads\/2022\/08\/22.jpg 1203w\" sizes=\"auto, (max-width: 821px) 100vw, 821px\" \/><\/a><figcaption class=\"wp-element-caption\">Zdj\u0119cie portretowe pary<\/figcaption><\/figure>\n\n\n\n<figure class=\"wp-block-image alignfull size-large\"><a href=\"https:\/\/www.tankreds.com\/wp-content\/uploads\/2023\/01\/pasek-sepatator-scaled.jpg\"><img loading=\"lazy\" decoding=\"async\" width=\"1024\" height=\"13\" src=\"https:\/\/www.tankreds.com\/wp-content\/uploads\/2023\/01\/pasek-sepatator-1024x13.jpg\" alt=\"\" class=\"wp-image-2117\" srcset=\"https:\/\/www.tankreds.com\/wp-content\/uploads\/2023\/01\/pasek-sepatator-1024x13.jpg 1024w, https:\/\/www.tankreds.com\/wp-content\/uploads\/2023\/01\/pasek-sepatator-300x4.jpg 300w, https:\/\/www.tankreds.com\/wp-content\/uploads\/2023\/01\/pasek-sepatator-768x10.jpg 768w, https:\/\/www.tankreds.com\/wp-content\/uploads\/2023\/01\/pasek-sepatator-1536x19.jpg 1536w, https:\/\/www.tankreds.com\/wp-content\/uploads\/2023\/01\/pasek-sepatator-2048x25.jpg 2048w, https:\/\/www.tankreds.com\/wp-content\/uploads\/2023\/01\/pasek-sepatator-1140x14.jpg 1140w, https:\/\/www.tankreds.com\/wp-content\/uploads\/2023\/01\/pasek-sepatator-600x7.jpg 600w\" sizes=\"auto, (max-width: 1024px) 100vw, 1024px\" \/><\/a><\/figure>\n\n\n\n<h1 class=\"wp-block-heading\"><mark style=\"background-color:rgba(0, 0, 0, 0);color:#ff4949\" class=\"has-inline-color\">Sesja kobieca <\/mark><\/h1>\n\n\n\n<figure class=\"wp-block-pullquote\"><blockquote><p>Sesja kobieca realizowana jest na wiele sposob\u00f3w i pomys\u0142\u00f3w. Miejscem do takiej sesji mo\u017ce by\u0107 zar\u00f3wno studio, plener, dom czy apartament. To Ty decydujesz, jakiego rodzaju zdj\u0119cia najbardziej Ci odpowiadaj\u0105. Czy b\u0119dzie to sesja glamour, sensual czy akt. Mo\u017ce bardziej w kierunku sesji eleganckiej biznesowej, a mo\u017ce jako aktywna kobieta &#8211; sportowiec? <\/p><\/blockquote><\/figure>\n\n\n\n<h2 class=\"wp-block-heading\">Warunki sesji kobiecej<\/h2>\n\n\n\n<ul class=\"wp-block-list\">\n<li>czas trwania 3h<\/li>\n\n\n\n<li>miejsce studio, dom, plener, apartament, praca, itp.<\/li>\n\n\n\n<li>efekt 10 zdj\u0119\u0107 w formie cyfrowej po retuszu<\/li>\n\n\n\n<li>okres wa\u017cno\u015bci 6 miesi\u0119cy<\/li>\n\n\n\n<li>koszty wynajmu studia czy apartamentu nie s\u0105 wliczone w cen\u0119<\/li>\n\n\n\n<li>dojazd na miejsce sesji bezp\u0142atny w granicach \u0141odzi<\/li>\n<\/ul>\n\n\n\n<h2 class=\"wp-block-heading\">Zalecenia do sesji kobiecej<\/h2>\n\n\n\n<ul class=\"wp-block-list\">\n<li>fryzura we w\u0142asnym zakresie<\/li>\n\n\n\n<li>stylizacje we w\u0142asnym zakresie, najlepiej kilka<\/li>\n\n\n\n<li>punktualne przybycie (najlepiej 15 minut przed um\u00f3wion\u0105 godzin\u0105)<\/li>\n\n\n\n<li>informacja i zdj\u0119cie uczestnika sesji co najmniej na tydzie\u0144 przed sesj\u0105<\/li>\n\n\n\n<li>wybranie rodzaju zdj\u0119\u0107, miejsca  i om\u00f3wienie przebiegu sesji <\/li>\n<\/ul>\n\n\n\n<figure class=\"wp-block-image alignwide size-full\"><a href=\"https:\/\/www.tankreds.com\/wp-content\/uploads\/2022\/07\/M-OLTARZEWSKA-70665.jpg\"><img loading=\"lazy\" decoding=\"async\" width=\"1800\" height=\"1205\" src=\"https:\/\/www.tankreds.com\/wp-content\/uploads\/2022\/07\/M-OLTARZEWSKA-70665.jpg\" alt=\"Kobieca sesja sensualna\" class=\"wp-image-1363\"\/><\/a><figcaption class=\"wp-element-caption\">Kobieca sesja sensualna<\/figcaption><\/figure>\n\n\n\n<figure class=\"wp-block-image alignfull size-large\"><a href=\"https:\/\/www.tankreds.com\/wp-content\/uploads\/2023\/01\/pasek-sepatator-scaled.jpg\"><img loading=\"lazy\" decoding=\"async\" width=\"1024\" height=\"13\" src=\"https:\/\/www.tankreds.com\/wp-content\/uploads\/2023\/01\/pasek-sepatator-1024x13.jpg\" alt=\"\" class=\"wp-image-2117\" srcset=\"https:\/\/www.tankreds.com\/wp-content\/uploads\/2023\/01\/pasek-sepatator-1024x13.jpg 1024w, https:\/\/www.tankreds.com\/wp-content\/uploads\/2023\/01\/pasek-sepatator-300x4.jpg 300w, https:\/\/www.tankreds.com\/wp-content\/uploads\/2023\/01\/pasek-sepatator-768x10.jpg 768w, https:\/\/www.tankreds.com\/wp-content\/uploads\/2023\/01\/pasek-sepatator-1536x19.jpg 1536w, https:\/\/www.tankreds.com\/wp-content\/uploads\/2023\/01\/pasek-sepatator-2048x25.jpg 2048w, https:\/\/www.tankreds.com\/wp-content\/uploads\/2023\/01\/pasek-sepatator-1140x14.jpg 1140w, https:\/\/www.tankreds.com\/wp-content\/uploads\/2023\/01\/pasek-sepatator-600x7.jpg 600w\" sizes=\"auto, (max-width: 1024px) 100vw, 1024px\" \/><\/a><\/figure>\n\n\n\n<h1 class=\"wp-block-heading\"><mark style=\"background-color:rgba(0, 0, 0, 0);color:#ff4949\" class=\"has-inline-color\">Sesja m\u0119ska<\/mark><\/h1>\n\n\n\n<figure class=\"wp-block-pullquote\"><blockquote><p>Podobnie jak sesja kobieca, sesja m\u0119ska realizowana jest na wiele sposob\u00f3w i pomys\u0142\u00f3w. Miejscem do takiej sesji mo\u017ce by\u0107 zar\u00f3wno studio, plener, dom czy apartament. To Ty decydujesz, jakiego rodzaju zdj\u0119cia najbardziej Ci odpowiadaj\u0105. Czy b\u0119dzie to sesja ukazuj\u0105ca Ci\u0119 jako twardego faceta, troskliwego opiekuna czy romantyka. Tu te\u017c Ty decydujesz o tym, w kierunku jakiego wizerunku b\u0119dziemy pod\u0105\u017ca\u0107. Elegancji, biznesu, mo\u017ce jako sportowiec? <\/p><\/blockquote><\/figure>\n\n\n\n<h2 class=\"wp-block-heading\">Warunki sesji m\u0119skiej<\/h2>\n\n\n\n<ul class=\"wp-block-list\">\n<li>czas trwania 3h<\/li>\n\n\n\n<li>miejsce studio, dom, plener, apartament, praca, itp.<\/li>\n\n\n\n<li>efekt 10 zdj\u0119\u0107 w formie cyfrowej po retuszu<\/li>\n\n\n\n<li>okres wa\u017cno\u015bci 6 miesi\u0119cy<\/li>\n\n\n\n<li>koszty wynajmu studia czy apartamentu nie s\u0105 wliczone w cen\u0119<\/li>\n\n\n\n<li>dojazd na miejsce sesji bezp\u0142atny w granicach \u0141odzi<\/li>\n<\/ul>\n\n\n\n<h2 class=\"wp-block-heading\">Zalecenia do sesji m\u0119skiej<\/h2>\n\n\n\n<ul class=\"wp-block-list\">\n<li>fryzura we w\u0142asnym zakresie<\/li>\n\n\n\n<li>stylizacje we w\u0142asnym zakresie, najlepiej kilka<\/li>\n\n\n\n<li>punktualne przybycie (najlepiej 15 minut przed um\u00f3wion\u0105 godzin\u0105)<\/li>\n\n\n\n<li>informacja i zdj\u0119cie uczestnika sesji co najmniej na tydzie\u0144 przed sesj\u0105<\/li>\n\n\n\n<li>wybranie rodzaju zdj\u0119\u0107, miejsca  i om\u00f3wienie przebiegu sesji <\/li>\n<\/ul>\n\n\n\n<figure class=\"wp-block-image alignwide size-large\"><a href=\"https:\/\/www.tankreds.com\/wp-content\/uploads\/2022\/07\/WTF_9862.jpg\"><img loading=\"lazy\" decoding=\"async\" width=\"683\" height=\"1024\" src=\"https:\/\/www.tankreds.com\/wp-content\/uploads\/2022\/07\/WTF_9862-683x1024.jpg\" alt=\"sesja mody z psem rasy doberman\" class=\"wp-image-1230\" srcset=\"https:\/\/www.tankreds.com\/wp-content\/uploads\/2022\/07\/WTF_9862-683x1024.jpg 683w, https:\/\/www.tankreds.com\/wp-content\/uploads\/2022\/07\/WTF_9862-200x300.jpg 200w, https:\/\/www.tankreds.com\/wp-content\/uploads\/2022\/07\/WTF_9862-768x1152.jpg 768w, https:\/\/www.tankreds.com\/wp-content\/uploads\/2022\/07\/WTF_9862-1024x1536.jpg 1024w, https:\/\/www.tankreds.com\/wp-content\/uploads\/2022\/07\/WTF_9862.jpg 1200w\" sizes=\"auto, (max-width: 683px) 100vw, 683px\" \/><\/a><figcaption class=\"wp-element-caption\">sesja mody z psem rasy doberman<\/figcaption><\/figure>\n\n\n\n<figure class=\"wp-block-image alignfull size-large\"><a href=\"https:\/\/www.tankreds.com\/wp-content\/uploads\/2023\/01\/pasek-sepatator-scaled.jpg\"><img loading=\"lazy\" decoding=\"async\" width=\"1024\" height=\"13\" src=\"https:\/\/www.tankreds.com\/wp-content\/uploads\/2023\/01\/pasek-sepatator-1024x13.jpg\" alt=\"\" class=\"wp-image-2117\" srcset=\"https:\/\/www.tankreds.com\/wp-content\/uploads\/2023\/01\/pasek-sepatator-1024x13.jpg 1024w, https:\/\/www.tankreds.com\/wp-content\/uploads\/2023\/01\/pasek-sepatator-300x4.jpg 300w, https:\/\/www.tankreds.com\/wp-content\/uploads\/2023\/01\/pasek-sepatator-768x10.jpg 768w, https:\/\/www.tankreds.com\/wp-content\/uploads\/2023\/01\/pasek-sepatator-1536x19.jpg 1536w, https:\/\/www.tankreds.com\/wp-content\/uploads\/2023\/01\/pasek-sepatator-2048x25.jpg 2048w, https:\/\/www.tankreds.com\/wp-content\/uploads\/2023\/01\/pasek-sepatator-1140x14.jpg 1140w, https:\/\/www.tankreds.com\/wp-content\/uploads\/2023\/01\/pasek-sepatator-600x7.jpg 600w\" sizes=\"auto, (max-width: 1024px) 100vw, 1024px\" \/><\/a><\/figure>\n\n\n\n<h1 class=\"wp-block-heading\"><mark style=\"background-color:rgba(0, 0, 0, 0);color:#ff4949\" class=\"has-inline-color\">Istotnie informacje<\/mark><\/h1>\n\n\n\n<h2 class=\"wp-block-heading\">przed sesj\u0105<\/h2>\n\n\n\n<ul class=\"wp-block-list\">\n<li>przemy\u015bl, jakiego rodzaju sesja szczeg\u00f3lnie Ci\u0119 interesuje. Mo\u017ce spodoba\u0142y Ci si\u0119 zdj\u0119cia na naszej stronie, a mo\u017ce masz swoj\u0105 niepowtarzaln\u0105 wizj\u0119, kt\u00f3r\u0105 mo\u017cemy zrealizowa\u0107? Pisz do nas, pytaj &#8211; mo\u017cemy ci co\u015b podpowiedzie\u0107 albo rozwia\u0107 Twoje w\u0105tpliwo\u015bci.<\/li>\n\n\n\n<li>przed sesj\u0105 wykonaj makija\u017c i fryzur\u0119 lub skorzystaj z pomocy profesjonalisty. Je\u017celi Twoja twarz b\u0119dzie potrzebowa\u0142a delikatnego zmatowienia a jeste\u015b alergikiem, przynie\u015b sw\u00f3j kosmetyk. Pomy\u015bl te\u017c o d\u0142oniach &#8211; zadbane b\u0119d\u0105 dobrze prezentowa\u0107 si\u0119 na zdj\u0119ciach.<\/li>\n\n\n\n<li>przygotuj stylizacje. Wybierz ubrania, w kt\u00f3rych wygl\u0105dasz i czujesz si\u0119 dobrze. Mo\u017cesz te\u017c zabra\u0107 rekwizyty, np. spinki do w\u0142os\u00f3w, bi\u017cuteri\u0119, kt\u00f3re pasuj\u0105 do stylizacji i urozmaic\u0105 zdj\u0119cia.<\/li>\n\n\n\n<li>przyjd\u017a na sesj\u0119 wypocz\u0119tym i po przespanej nocy. I Tobie i nam b\u0119dzie si\u0119 lepiej pracowa\u0142o, a efekty b\u0119d\u0105 o wiele lepsze.<\/li>\n\n\n\n<li>sesja realizowana w naszym studiu nie jest dodatkowo p\u0142atna. Je\u017celi ma si\u0119 odby\u0107 w innym miejscu, np.  hotelu, koszt wynaj\u0119cia le\u017cy po Twojej stronie.<\/li>\n<\/ul>\n\n\n\n<p><\/p>\n\n\n\n<p><\/p>\n\n\n\n<div class=\"wp-block-buttons is-content-justification-center is-layout-flex wp-container-core-buttons-is-layout-16018d1d wp-block-buttons-is-layout-flex\">\n<div class=\"wp-block-button has-custom-font-size is-style-fill\" style=\"font-size:25px\"><a class=\"wp-block-button__link has-background wp-element-button\" href=\"https:\/\/www.tankreds.com\/?page_id=60\" style=\"border-radius:100px;background-color:#479733\" target=\"_blank\" rel=\"noreferrer noopener\"><strong>skontaktuj si\u0119 z nami<\/strong><\/a><\/div>\n<\/div>\n\n\n\n<p><\/p>\n","protected":false},"excerpt":{"rendered":"<p>Sesja portretowa kobieca Sesja portretowa przeznaczona jest dla kobiet w ka\u017cdym wieku, zdj\u0119cia wykonywane s\u0105 w studiu fotograficznym w r\u00f3\u017cnym rodzaju o\u015bwietlenia w zale\u017cno\u015bci od potrzeb i wizji oraz wygl\u0105du fotografowanej osoby. Warunki sesji portretowej kobiecej Zalecenia do sesji portretowej kobiecej Sesja portretowa m\u0119ska Sesja portretowa przeznaczona jest dla m\u0119\u017cczyzn w ka\u017cdym wieku, zdj\u0119cia wykonywane [&hellip;]<\/p>\n","protected":false},"author":1,"featured_media":0,"parent":0,"menu_order":0,"comment_status":"closed","ping_status":"closed","template":"","meta":{"_monsterinsights_skip_tracking":false,"_monsterinsights_sitenote_active":false,"_monsterinsights_sitenote_note":"","_monsterinsights_sitenote_category":0,"footnotes":""},"class_list":["post-2096","page","type-page","status-publish","entry"],"jetpack_sharing_enabled":true,"_links":{"self":[{"href":"https:\/\/www.tankreds.com\/index.php?rest_route=\/wp\/v2\/pages\/2096","targetHints":{"allow":["GET"]}}],"collection":[{"href":"https:\/\/www.tankreds.com\/index.php?rest_route=\/wp\/v2\/pages"}],"about":[{"href":"https:\/\/www.tankreds.com\/index.php?rest_route=\/wp\/v2\/types\/page"}],"author":[{"embeddable":true,"href":"https:\/\/www.tankreds.com\/index.php?rest_route=\/wp\/v2\/users\/1"}],"replies":[{"embeddable":true,"href":"https:\/\/www.tankreds.com\/index.php?rest_route=%2Fwp%2Fv2%2Fcomments&post=2096"}],"version-history":[{"count":24,"href":"https:\/\/www.tankreds.com\/index.php?rest_route=\/wp\/v2\/pages\/2096\/revisions"}],"predecessor-version":[{"id":2178,"href":"https:\/\/www.tankreds.com\/index.php?rest_route=\/wp\/v2\/pages\/2096\/revisions\/2178"}],"wp:attachment":[{"href":"https:\/\/www.tankreds.com\/index.php?rest_route=%2Fwp%2Fv2%2Fmedia&parent=2096"}],"curies":[{"name":"wp","href":"https:\/\/api.w.org\/{rel}","templated":true}]}}