{"id":2,"date":"2018-02-25T15:00:22","date_gmt":"2018-02-25T15:00:22","guid":{"rendered":"http:\/\/www.tankreds.com\/?page_id=2"},"modified":"2023-01-27T12:29:47","modified_gmt":"2023-01-27T12:29:47","slug":"o-mnie","status":"publish","type":"page","link":"https:\/\/www.tankreds.com\/?page_id=2","title":{"rendered":"O mnie"},"content":{"rendered":"\n<div class=\"wp-block-group\"><div class=\"wp-block-group__inner-container is-layout-flow wp-block-group-is-layout-flow\">\n<div class=\"wp-block-columns is-layout-flex wp-container-core-columns-is-layout-9d6595d7 wp-block-columns-is-layout-flex\">\n<div class=\"wp-block-column is-layout-flow wp-block-column-is-layout-flow\">\n<ul class=\"wp-block-social-links is-layout-flex wp-block-social-links-is-layout-flex\"><li class=\"wp-social-link wp-social-link-instagram  wp-block-social-link\"><a href=\"https:\/\/www.instagram.com\/tankreds8133\/\" class=\"wp-block-social-link-anchor\"><svg width=\"24\" height=\"24\" viewBox=\"0 0 24 24\" version=\"1.1\" xmlns=\"http:\/\/www.w3.org\/2000\/svg\" aria-hidden=\"true\" focusable=\"false\"><path d=\"M12,4.622c2.403,0,2.688,0.009,3.637,0.052c0.877,0.04,1.354,0.187,1.671,0.31c0.42,0.163,0.72,0.358,1.035,0.673 c0.315,0.315,0.51,0.615,0.673,1.035c0.123,0.317,0.27,0.794,0.31,1.671c0.043,0.949,0.052,1.234,0.052,3.637 s-0.009,2.688-0.052,3.637c-0.04,0.877-0.187,1.354-0.31,1.671c-0.163,0.42-0.358,0.72-0.673,1.035 c-0.315,0.315-0.615,0.51-1.035,0.673c-0.317,0.123-0.794,0.27-1.671,0.31c-0.949,0.043-1.233,0.052-3.637,0.052 s-2.688-0.009-3.637-0.052c-0.877-0.04-1.354-0.187-1.671-0.31c-0.42-0.163-0.72-0.358-1.035-0.673 c-0.315-0.315-0.51-0.615-0.673-1.035c-0.123-0.317-0.27-0.794-0.31-1.671C4.631,14.688,4.622,14.403,4.622,12 s0.009-2.688,0.052-3.637c0.04-0.877,0.187-1.354,0.31-1.671c0.163-0.42,0.358-0.72,0.673-1.035 c0.315-0.315,0.615-0.51,1.035-0.673c0.317-0.123,0.794-0.27,1.671-0.31C9.312,4.631,9.597,4.622,12,4.622 M12,3 C9.556,3,9.249,3.01,8.289,3.054C7.331,3.098,6.677,3.25,6.105,3.472C5.513,3.702,5.011,4.01,4.511,4.511 c-0.5,0.5-0.808,1.002-1.038,1.594C3.25,6.677,3.098,7.331,3.054,8.289C3.01,9.249,3,9.556,3,12c0,2.444,0.01,2.751,0.054,3.711 c0.044,0.958,0.196,1.612,0.418,2.185c0.23,0.592,0.538,1.094,1.038,1.594c0.5,0.5,1.002,0.808,1.594,1.038 c0.572,0.222,1.227,0.375,2.185,0.418C9.249,20.99,9.556,21,12,21s2.751-0.01,3.711-0.054c0.958-0.044,1.612-0.196,2.185-0.418 c0.592-0.23,1.094-0.538,1.594-1.038c0.5-0.5,0.808-1.002,1.038-1.594c0.222-0.572,0.375-1.227,0.418-2.185 C20.99,14.751,21,14.444,21,12s-0.01-2.751-0.054-3.711c-0.044-0.958-0.196-1.612-0.418-2.185c-0.23-0.592-0.538-1.094-1.038-1.594 c-0.5-0.5-1.002-0.808-1.594-1.038c-0.572-0.222-1.227-0.375-2.185-0.418C14.751,3.01,14.444,3,12,3L12,3z M12,7.378 c-2.552,0-4.622,2.069-4.622,4.622S9.448,16.622,12,16.622s4.622-2.069,4.622-4.622S14.552,7.378,12,7.378z M12,15 c-1.657,0-3-1.343-3-3s1.343-3,3-3s3,1.343,3,3S13.657,15,12,15z M16.804,6.116c-0.596,0-1.08,0.484-1.08,1.08 s0.484,1.08,1.08,1.08c0.596,0,1.08-0.484,1.08-1.08S17.401,6.116,16.804,6.116z\"><\/path><\/svg><span class=\"wp-block-social-link-label screen-reader-text\">Instagram<\/span><\/a><\/li>\n\n<li class=\"wp-social-link wp-social-link-facebook  wp-block-social-link\"><a href=\"https:\/\/www.facebook.com\/tankredfoto\" class=\"wp-block-social-link-anchor\"><svg width=\"24\" height=\"24\" viewBox=\"0 0 24 24\" version=\"1.1\" xmlns=\"http:\/\/www.w3.org\/2000\/svg\" aria-hidden=\"true\" focusable=\"false\"><path d=\"M12 2C6.5 2 2 6.5 2 12c0 5 3.7 9.1 8.4 9.9v-7H7.9V12h2.5V9.8c0-2.5 1.5-3.9 3.8-3.9 1.1 0 2.2.2 2.2.2v2.5h-1.3c-1.2 0-1.6.8-1.6 1.6V12h2.8l-.4 2.9h-2.3v7C18.3 21.1 22 17 22 12c0-5.5-4.5-10-10-10z\"><\/path><\/svg><span class=\"wp-block-social-link-label screen-reader-text\">Facebook<\/span><\/a><\/li><\/ul>\n<\/div>\n<\/div>\n<\/div><\/div>\n\n\n\n<figure class=\"wp-block-gallery has-nested-images columns-default is-cropped wp-block-gallery-1 is-layout-flex wp-block-gallery-is-layout-flex\">\n<figure class=\"wp-block-image size-large\"><a href=\"https:\/\/www.tankreds.com\/wp-content\/uploads\/2022\/07\/2009-tanik-podczas-sesji.jpg\"><img loading=\"lazy\" decoding=\"async\" width=\"1200\" height=\"1037\" data-id=\"1379\" src=\"https:\/\/www.tankreds.com\/wp-content\/uploads\/2022\/07\/2009-tanik-podczas-sesji.jpg\" alt=\"Tankred Strzelczyk\" class=\"wp-image-1379\" srcset=\"https:\/\/www.tankreds.com\/wp-content\/uploads\/2022\/07\/2009-tanik-podczas-sesji.jpg 1200w, https:\/\/www.tankreds.com\/wp-content\/uploads\/2022\/07\/2009-tanik-podczas-sesji-300x259.jpg 300w, https:\/\/www.tankreds.com\/wp-content\/uploads\/2022\/07\/2009-tanik-podczas-sesji-1024x885.jpg 1024w, https:\/\/www.tankreds.com\/wp-content\/uploads\/2022\/07\/2009-tanik-podczas-sesji-768x664.jpg 768w\" sizes=\"auto, (max-width: 1200px) 100vw, 1200px\" \/><\/a><figcaption class=\"wp-element-caption\">Przy pracy z Julk\u0105<\/figcaption><\/figure>\n\n\n\n<figure class=\"wp-block-image size-large\"><a href=\"https:\/\/www.tankreds.com\/wp-content\/uploads\/2022\/07\/2017-tanik-w-pracy.jpg\"><img loading=\"lazy\" decoding=\"async\" width=\"1200\" height=\"798\" data-id=\"1390\" src=\"https:\/\/www.tankreds.com\/wp-content\/uploads\/2022\/07\/2017-tanik-w-pracy.jpg\" alt=\"Tankred Strzelczyk\" class=\"wp-image-1390\" srcset=\"https:\/\/www.tankreds.com\/wp-content\/uploads\/2022\/07\/2017-tanik-w-pracy.jpg 1200w, https:\/\/www.tankreds.com\/wp-content\/uploads\/2022\/07\/2017-tanik-w-pracy-300x200.jpg 300w, https:\/\/www.tankreds.com\/wp-content\/uploads\/2022\/07\/2017-tanik-w-pracy-1024x681.jpg 1024w, https:\/\/www.tankreds.com\/wp-content\/uploads\/2022\/07\/2017-tanik-w-pracy-768x511.jpg 768w\" sizes=\"auto, (max-width: 1200px) 100vw, 1200px\" \/><\/a><figcaption class=\"wp-element-caption\">Przy sesji <\/figcaption><\/figure>\n\n\n\n<figure class=\"wp-block-image size-medium\"><a href=\"https:\/\/www.tankreds.com\/wp-content\/uploads\/2022\/07\/2007-tanik.jpg\"><img loading=\"lazy\" decoding=\"async\" width=\"300\" height=\"200\" data-id=\"1378\" src=\"https:\/\/www.tankreds.com\/wp-content\/uploads\/2022\/07\/2007-tanik-300x200.jpg\" alt=\"Tankred Strzelczyk\" class=\"wp-image-1378\" srcset=\"https:\/\/www.tankreds.com\/wp-content\/uploads\/2022\/07\/2007-tanik-300x200.jpg 300w, https:\/\/www.tankreds.com\/wp-content\/uploads\/2022\/07\/2007-tanik-1024x683.jpg 1024w, https:\/\/www.tankreds.com\/wp-content\/uploads\/2022\/07\/2007-tanik-768x512.jpg 768w, https:\/\/www.tankreds.com\/wp-content\/uploads\/2022\/07\/2007-tanik.jpg 1200w\" sizes=\"auto, (max-width: 300px) 100vw, 300px\" \/><\/a><figcaption class=\"wp-element-caption\">zamy\u015blony<\/figcaption><\/figure>\n\n\n\n<figure class=\"wp-block-image size-large\"><a href=\"https:\/\/www.tankreds.com\/wp-content\/uploads\/2022\/07\/klisza-A7-K16-01.jpg\"><img loading=\"lazy\" decoding=\"async\" width=\"1200\" height=\"989\" data-id=\"1353\" src=\"https:\/\/www.tankreds.com\/wp-content\/uploads\/2022\/07\/klisza-A7-K16-01.jpg\" alt=\"Tankred Strzelczyk\" class=\"wp-image-1353\" srcset=\"https:\/\/www.tankreds.com\/wp-content\/uploads\/2022\/07\/klisza-A7-K16-01.jpg 1200w, https:\/\/www.tankreds.com\/wp-content\/uploads\/2022\/07\/klisza-A7-K16-01-300x247.jpg 300w, https:\/\/www.tankreds.com\/wp-content\/uploads\/2022\/07\/klisza-A7-K16-01-1024x844.jpg 1024w, https:\/\/www.tankreds.com\/wp-content\/uploads\/2022\/07\/klisza-A7-K16-01-768x633.jpg 768w\" sizes=\"auto, (max-width: 1200px) 100vw, 1200px\" \/><\/a><figcaption class=\"wp-element-caption\">Z braciszkiem na ska\u0142kach<\/figcaption><\/figure>\n<\/figure>\n\n\n\n<pre class=\"wp-block-preformatted\">Fotografia towarzyszy mi od najm\u0142odszych lat, mam wra\u017cenie, \u017ce od zawsze. Warsztatu wyuczy\u0142em si\u0119 na kliszach stosunkowo drogich jak dla mnie na owe czasy. To sprawia\u0142o, \u017ce nie warto by\u0142o naciska\u0107 migawki wcze\u015bniej, ni\u017c w\u00f3wczas, gdy kadr i chwila by\u0142y odpowiednie. Nauczy\u0142o mnie to wybiera\u0107 obraz przed naci\u015bni\u0119ciem migawki, a nie po i wybiera\u0107 jedno dobre z tysi\u0119cy nieudanych uj\u0119\u0107. Najwa\u017cniejszym elementem w fotografii jest dla mnie \u015bwiat\u0142o. Ono kszta\u0142tuje obraz i maluje kszta\u0142ty, bardziej cienie ni\u017c kolory wp\u0142ywaj\u0105 na plastyk\u0119 fotografii. Nie zamykam si\u0119 na jedyny s\u0142uszny styl, wci\u0105\u017c pr\u00f3buj\u0119 nowych technik, badam sposob\u00f3w na fotografowanie. Ka\u017cda nowa sposobno\u015b\u0107 do pracy jest wyzwaniem kt\u00f3re bardzo mnie anga\u017cuje i mobilizuje. Tankred Strzelczyk.<\/pre>\n\n\n\n<figure class=\"wp-block-embed is-type-video is-provider-youtube wp-block-embed-youtube wp-embed-aspect-16-9 wp-has-aspect-ratio\"><div class=\"wp-block-embed__wrapper\">\n<iframe loading=\"lazy\" title=\"plastikowy.mpg\" width=\"540\" height=\"304\" src=\"https:\/\/www.youtube.com\/embed\/s7aykKqJSZ8?feature=oembed\" frameborder=\"0\" allow=\"accelerometer; autoplay; clipboard-write; encrypted-media; gyroscope; picture-in-picture; web-share\" referrerpolicy=\"strict-origin-when-cross-origin\" allowfullscreen><\/iframe>\n<\/div><\/figure>\n\n\n\n<hr class=\"wp-block-separator has-alpha-channel-opacity\"\/>\n","protected":false},"excerpt":{"rendered":"<p>Fotografia towarzyszy mi od najm\u0142odszych lat, mam wra\u017cenie, \u017ce od zawsze. Warsztatu wyuczy\u0142em si\u0119 na kliszach stosunkowo drogich jak dla mnie na owe czasy. To sprawia\u0142o, \u017ce nie warto by\u0142o naciska\u0107 migawki wcze\u015bniej, ni\u017c w\u00f3wczas, gdy kadr i chwila by\u0142y odpowiednie. Nauczy\u0142o mnie to wybiera\u0107 obraz przed naci\u015bni\u0119ciem migawki, a nie po i wybiera\u0107 jedno [&hellip;]<\/p>\n","protected":false},"author":1,"featured_media":1378,"parent":0,"menu_order":0,"comment_status":"closed","ping_status":"closed","template":"","meta":{"_monsterinsights_skip_tracking":false,"_monsterinsights_sitenote_active":false,"_monsterinsights_sitenote_note":"","_monsterinsights_sitenote_category":0,"footnotes":""},"class_list":["post-2","page","type-page","status-publish","has-post-thumbnail","entry"],"jetpack_sharing_enabled":true,"_links":{"self":[{"href":"https:\/\/www.tankreds.com\/index.php?rest_route=\/wp\/v2\/pages\/2","targetHints":{"allow":["GET"]}}],"collection":[{"href":"https:\/\/www.tankreds.com\/index.php?rest_route=\/wp\/v2\/pages"}],"about":[{"href":"https:\/\/www.tankreds.com\/index.php?rest_route=\/wp\/v2\/types\/page"}],"author":[{"embeddable":true,"href":"https:\/\/www.tankreds.com\/index.php?rest_route=\/wp\/v2\/users\/1"}],"replies":[{"embeddable":true,"href":"https:\/\/www.tankreds.com\/index.php?rest_route=%2Fwp%2Fv2%2Fcomments&post=2"}],"version-history":[{"count":18,"href":"https:\/\/www.tankreds.com\/index.php?rest_route=\/wp\/v2\/pages\/2\/revisions"}],"predecessor-version":[{"id":2277,"href":"https:\/\/www.tankreds.com\/index.php?rest_route=\/wp\/v2\/pages\/2\/revisions\/2277"}],"wp:featuredmedia":[{"embeddable":true,"href":"https:\/\/www.tankreds.com\/index.php?rest_route=\/wp\/v2\/media\/1378"}],"wp:attachment":[{"href":"https:\/\/www.tankreds.com\/index.php?rest_route=%2Fwp%2Fv2%2Fmedia&parent=2"}],"curies":[{"name":"wp","href":"https:\/\/api.w.org\/{rel}","templated":true}]}}