{"id":1417,"date":"2022-07-20T13:28:25","date_gmt":"2022-07-20T13:28:25","guid":{"rendered":"https:\/\/www.tankreds.com\/?page_id=1417"},"modified":"2023-01-09T22:47:41","modified_gmt":"2023-01-09T22:47:41","slug":"dla-par","status":"publish","type":"page","link":"https:\/\/www.tankreds.com\/?page_id=1417","title":{"rendered":"Zdj\u0119cia dla Par"},"content":{"rendered":"\n<figure class=\"wp-block-image size-large is-resized\"><a href=\"https:\/\/www.tankreds.com\/wp-content\/uploads\/2022\/07\/272888759_10209036485064865_6998380661313095923_n.jpg\"><img loading=\"lazy\" decoding=\"async\" src=\"https:\/\/www.tankreds.com\/wp-content\/uploads\/2022\/07\/272888759_10209036485064865_6998380661313095923_n-813x1024.jpg\" alt=\"\" class=\"wp-image-1332\" width=\"407\" height=\"512\" srcset=\"https:\/\/www.tankreds.com\/wp-content\/uploads\/2022\/07\/272888759_10209036485064865_6998380661313095923_n-813x1024.jpg 813w, https:\/\/www.tankreds.com\/wp-content\/uploads\/2022\/07\/272888759_10209036485064865_6998380661313095923_n-238x300.jpg 238w, https:\/\/www.tankreds.com\/wp-content\/uploads\/2022\/07\/272888759_10209036485064865_6998380661313095923_n-768x967.jpg 768w, https:\/\/www.tankreds.com\/wp-content\/uploads\/2022\/07\/272888759_10209036485064865_6998380661313095923_n.jpg 953w\" sizes=\"auto, (max-width: 407px) 100vw, 407px\" \/><\/a><figcaption class=\"wp-element-caption\">Magda i Barman<\/figcaption><\/figure>\n\n\n\n<p>Zach\u0119camy gor\u0105co do zdj\u0119\u0107 z ukochan\u0105 osob\u0105 czy przyjacielem. Nie ma znaczenia Wasza orientacja i wiek. Je\u015bli chcecie dobrze si\u0119 bawi\u0107 i zapami\u0119ta\u0107 t\u0119 chwil\u0119, zawsze warto spr\u00f3bowa\u0107 otworzy\u0107 si\u0119 na spojrzenie innych. Pozostawiam Wam bycie sob\u0105, a ja podpatrz\u0119 i utrwal\u0119 momenty, kt\u00f3rych sami nigdy by\u015bcie nie zobaczyli.<\/p>\n","protected":false},"excerpt":{"rendered":"<p>Zach\u0119camy gor\u0105co do zdj\u0119\u0107 z ukochan\u0105 osob\u0105 czy przyjacielem. Nie ma znaczenia Wasza orientacja i wiek. Je\u015bli chcecie dobrze si\u0119 bawi\u0107 i zapami\u0119ta\u0107 t\u0119 chwil\u0119, zawsze warto spr\u00f3bowa\u0107 otworzy\u0107 si\u0119 na spojrzenie innych. Pozostawiam Wam bycie sob\u0105, a ja podpatrz\u0119 i utrwal\u0119 momenty, kt\u00f3rych sami nigdy by\u015bcie nie zobaczyli.<\/p>\n","protected":false},"author":1,"featured_media":0,"parent":0,"menu_order":0,"comment_status":"closed","ping_status":"closed","template":"","meta":{"_monsterinsights_skip_tracking":false,"_monsterinsights_sitenote_active":false,"_monsterinsights_sitenote_note":"","_monsterinsights_sitenote_category":0,"footnotes":""},"class_list":["post-1417","page","type-page","status-publish","entry"],"jetpack_sharing_enabled":true,"_links":{"self":[{"href":"https:\/\/www.tankreds.com\/index.php?rest_route=\/wp\/v2\/pages\/1417","targetHints":{"allow":["GET"]}}],"collection":[{"href":"https:\/\/www.tankreds.com\/index.php?rest_route=\/wp\/v2\/pages"}],"about":[{"href":"https:\/\/www.tankreds.com\/index.php?rest_route=\/wp\/v2\/types\/page"}],"author":[{"embeddable":true,"href":"https:\/\/www.tankreds.com\/index.php?rest_route=\/wp\/v2\/users\/1"}],"replies":[{"embeddable":true,"href":"https:\/\/www.tankreds.com\/index.php?rest_route=%2Fwp%2Fv2%2Fcomments&post=1417"}],"version-history":[{"count":5,"href":"https:\/\/www.tankreds.com\/index.php?rest_route=\/wp\/v2\/pages\/1417\/revisions"}],"predecessor-version":[{"id":2196,"href":"https:\/\/www.tankreds.com\/index.php?rest_route=\/wp\/v2\/pages\/1417\/revisions\/2196"}],"wp:attachment":[{"href":"https:\/\/www.tankreds.com\/index.php?rest_route=%2Fwp%2Fv2%2Fmedia&parent=1417"}],"curies":[{"name":"wp","href":"https:\/\/api.w.org\/{rel}","templated":true}]}}