{"id":1411,"date":"2022-07-20T13:23:18","date_gmt":"2022-07-20T13:23:18","guid":{"rendered":"https:\/\/www.tankreds.com\/?page_id=1411"},"modified":"2023-01-09T23:09:49","modified_gmt":"2023-01-09T23:09:49","slug":"biznesowe","status":"publish","type":"page","link":"https:\/\/www.tankreds.com\/?page_id=1411","title":{"rendered":"Zdj\u0119cia biznesowe"},"content":{"rendered":"\n<figure class=\"wp-block-image size-large is-resized\"><a href=\"https:\/\/www.tankreds.com\/wp-content\/uploads\/2022\/07\/MAGDA_KOLOR_PORTRET2_KOPIA.jpg\"><img loading=\"lazy\" decoding=\"async\" src=\"https:\/\/www.tankreds.com\/wp-content\/uploads\/2022\/07\/MAGDA_KOLOR_PORTRET2_KOPIA-851x1024.jpg\" alt=\"\" class=\"wp-image-1187\" width=\"426\" height=\"512\"\/><\/a><figcaption class=\"wp-element-caption\">Nauczycielka Magda<\/figcaption><\/figure>\n\n\n\n<p>Fotografia przeznaczona jest przede wszystkim dla firm i instytucji, czasem dla os\u00f3b prywatnych. W gr\u0119 wchodz\u0105 reporta\u017ce z imprez, szkole\u0144, konferencji, koncert\u00f3w czy gal. Wykonujemy firmowe portrety os\u00f3b czy grup dla potrzeb PR w miejscu pracy i podczas pracy. Staramy si\u0119 uchwyci\u0107 charakter pracy i stworzy\u0107 jak najlepszy wizerunkowo obraz. Mo\u017cemy r\u00f3wnie\u017c zrealizowa\u0107 zdj\u0119cia w studio w uzgodnionej stylizacji.<\/p>\n","protected":false},"excerpt":{"rendered":"<p>Fotografia przeznaczona jest przede wszystkim dla firm i instytucji, czasem dla os\u00f3b prywatnych. W gr\u0119 wchodz\u0105 reporta\u017ce z imprez, szkole\u0144, konferencji, koncert\u00f3w czy gal. Wykonujemy firmowe portrety os\u00f3b czy grup dla potrzeb PR w miejscu pracy i podczas pracy. Staramy si\u0119 uchwyci\u0107 charakter pracy i stworzy\u0107 jak najlepszy wizerunkowo obraz. Mo\u017cemy r\u00f3wnie\u017c zrealizowa\u0107 zdj\u0119cia w [&hellip;]<\/p>\n","protected":false},"author":1,"featured_media":0,"parent":0,"menu_order":0,"comment_status":"closed","ping_status":"closed","template":"","meta":{"_monsterinsights_skip_tracking":false,"_monsterinsights_sitenote_active":false,"_monsterinsights_sitenote_note":"","_monsterinsights_sitenote_category":0,"footnotes":""},"class_list":["post-1411","page","type-page","status-publish","entry"],"jetpack_sharing_enabled":true,"_links":{"self":[{"href":"https:\/\/www.tankreds.com\/index.php?rest_route=\/wp\/v2\/pages\/1411","targetHints":{"allow":["GET"]}}],"collection":[{"href":"https:\/\/www.tankreds.com\/index.php?rest_route=\/wp\/v2\/pages"}],"about":[{"href":"https:\/\/www.tankreds.com\/index.php?rest_route=\/wp\/v2\/types\/page"}],"author":[{"embeddable":true,"href":"https:\/\/www.tankreds.com\/index.php?rest_route=\/wp\/v2\/users\/1"}],"replies":[{"embeddable":true,"href":"https:\/\/www.tankreds.com\/index.php?rest_route=%2Fwp%2Fv2%2Fcomments&post=1411"}],"version-history":[{"count":3,"href":"https:\/\/www.tankreds.com\/index.php?rest_route=\/wp\/v2\/pages\/1411\/revisions"}],"predecessor-version":[{"id":2200,"href":"https:\/\/www.tankreds.com\/index.php?rest_route=\/wp\/v2\/pages\/1411\/revisions\/2200"}],"wp:attachment":[{"href":"https:\/\/www.tankreds.com\/index.php?rest_route=%2Fwp%2Fv2%2Fmedia&parent=1411"}],"curies":[{"name":"wp","href":"https:\/\/api.w.org\/{rel}","templated":true}]}}