{"id":1405,"date":"2022-07-20T13:15:55","date_gmt":"2022-07-20T13:15:55","guid":{"rendered":"https:\/\/www.tankreds.com\/?page_id=1405"},"modified":"2023-01-09T23:17:59","modified_gmt":"2023-01-09T23:17:59","slug":"sensual","status":"publish","type":"page","link":"https:\/\/www.tankreds.com\/?page_id=1405","title":{"rendered":"Zdj\u0119cia sensualne"},"content":{"rendered":"\n<figure class=\"wp-block-image size-full is-resized\"><a href=\"https:\/\/www.tankreds.com\/wp-content\/uploads\/2018\/03\/otto-bw115x21.jpg\"><img loading=\"lazy\" decoding=\"async\" src=\"https:\/\/www.tankreds.com\/wp-content\/uploads\/2018\/03\/otto-bw115x21.jpg\" alt=\"\" class=\"wp-image-94\" width=\"671\" height=\"750\" srcset=\"https:\/\/www.tankreds.com\/wp-content\/uploads\/2018\/03\/otto-bw115x21.jpg 895w, https:\/\/www.tankreds.com\/wp-content\/uploads\/2018\/03\/otto-bw115x21-269x300.jpg 269w, https:\/\/www.tankreds.com\/wp-content\/uploads\/2018\/03\/otto-bw115x21-768x858.jpg 768w\" sizes=\"auto, (max-width: 671px) 100vw, 671px\" \/><\/a><figcaption class=\"wp-element-caption\">Sesja dla otoo<\/figcaption><\/figure>\n\n\n\n<p>Zdj\u0119cia bardzo intymne, przy kt\u00f3rych model czy modelka musi obdarzy\u0107 zaufaniem fotografa. Delikatno\u015b\u0107 i zmys\u0142owo\u015b\u0107, a czasem drapie\u017cno\u015b\u0107 czy si\u0142a. Pi\u0119kno czy szczeg\u00f3lne cechy osobowo\u015bci zamienione w fotograficzn\u0105 poezj\u0119. Bardzo indywidualne podej\u015bcie i nieoczywiste efekty pracy sprawiaj\u0105, \u017ce jest to przygoda, o kt\u00f3r\u0105 mo\u017cna d\u0142ugo wspomina\u0107.<\/p>\n","protected":false},"excerpt":{"rendered":"<p>Zdj\u0119cia bardzo intymne, przy kt\u00f3rych model czy modelka musi obdarzy\u0107 zaufaniem fotografa. Delikatno\u015b\u0107 i zmys\u0142owo\u015b\u0107, a czasem drapie\u017cno\u015b\u0107 czy si\u0142a. Pi\u0119kno czy szczeg\u00f3lne cechy osobowo\u015bci zamienione w fotograficzn\u0105 poezj\u0119. Bardzo indywidualne podej\u015bcie i nieoczywiste efekty pracy sprawiaj\u0105, \u017ce jest to przygoda, o kt\u00f3r\u0105 mo\u017cna d\u0142ugo wspomina\u0107.<\/p>\n","protected":false},"author":1,"featured_media":0,"parent":0,"menu_order":0,"comment_status":"closed","ping_status":"closed","template":"","meta":{"_monsterinsights_skip_tracking":false,"_monsterinsights_sitenote_active":false,"_monsterinsights_sitenote_note":"","_monsterinsights_sitenote_category":0,"footnotes":""},"class_list":["post-1405","page","type-page","status-publish","entry"],"jetpack_sharing_enabled":true,"_links":{"self":[{"href":"https:\/\/www.tankreds.com\/index.php?rest_route=\/wp\/v2\/pages\/1405","targetHints":{"allow":["GET"]}}],"collection":[{"href":"https:\/\/www.tankreds.com\/index.php?rest_route=\/wp\/v2\/pages"}],"about":[{"href":"https:\/\/www.tankreds.com\/index.php?rest_route=\/wp\/v2\/types\/page"}],"author":[{"embeddable":true,"href":"https:\/\/www.tankreds.com\/index.php?rest_route=\/wp\/v2\/users\/1"}],"replies":[{"embeddable":true,"href":"https:\/\/www.tankreds.com\/index.php?rest_route=%2Fwp%2Fv2%2Fcomments&post=1405"}],"version-history":[{"count":3,"href":"https:\/\/www.tankreds.com\/index.php?rest_route=\/wp\/v2\/pages\/1405\/revisions"}],"predecessor-version":[{"id":2204,"href":"https:\/\/www.tankreds.com\/index.php?rest_route=\/wp\/v2\/pages\/1405\/revisions\/2204"}],"wp:attachment":[{"href":"https:\/\/www.tankreds.com\/index.php?rest_route=%2Fwp%2Fv2%2Fmedia&parent=1405"}],"curies":[{"name":"wp","href":"https:\/\/api.w.org\/{rel}","templated":true}]}}