{"id":1402,"date":"2022-07-20T13:13:17","date_gmt":"2022-07-20T13:13:17","guid":{"rendered":"https:\/\/www.tankreds.com\/?page_id=1402"},"modified":"2023-01-09T23:19:34","modified_gmt":"2023-01-09T23:19:34","slug":"reklama","status":"publish","type":"page","link":"https:\/\/www.tankreds.com\/?page_id=1402","title":{"rendered":"Zdj\u0119cia reklamowe"},"content":{"rendered":"\n<figure class=\"wp-block-image size-large\"><a href=\"https:\/\/www.tankreds.com\/wp-content\/uploads\/2022\/08\/8fight1.jpg\"><img loading=\"lazy\" decoding=\"async\" width=\"1024\" height=\"447\" src=\"https:\/\/www.tankreds.com\/wp-content\/uploads\/2022\/08\/8fight1-1024x447.jpg\" alt=\"Fight\" class=\"wp-image-1747\" srcset=\"https:\/\/www.tankreds.com\/wp-content\/uploads\/2022\/08\/8fight1-1024x447.jpg 1024w, https:\/\/www.tankreds.com\/wp-content\/uploads\/2022\/08\/8fight1-300x131.jpg 300w, https:\/\/www.tankreds.com\/wp-content\/uploads\/2022\/08\/8fight1-768x335.jpg 768w, https:\/\/www.tankreds.com\/wp-content\/uploads\/2022\/08\/8fight1.jpg 1200w\" sizes=\"auto, (max-width: 1024px) 100vw, 1024px\" \/><\/a><figcaption class=\"wp-element-caption\">Jacek <\/figcaption><\/figure>\n\n\n\n<p>Mamy tu kilka r\u00f3\u017cnych typ\u00f3w fotografii, od zwyk\u0142ych zdj\u0119\u0107 produkt\u00f3w po wyszukane zdj\u0119cia wizerunkowe w specjalnie do tego celu stworzonych stylizacjach. To, co jest istotne przy takiej fotografii, to takie ukazanie produktu, aby kupuj\u0105cy m\u00f3g\u0142 oceni\u0107 zar\u00f3wno jego jako\u015b\u0107 jak i funkcjonalno\u015b\u0107.<\/p>\n","protected":false},"excerpt":{"rendered":"<p>Mamy tu kilka r\u00f3\u017cnych typ\u00f3w fotografii, od zwyk\u0142ych zdj\u0119\u0107 produkt\u00f3w po wyszukane zdj\u0119cia wizerunkowe w specjalnie do tego celu stworzonych stylizacjach. To, co jest istotne przy takiej fotografii, to takie ukazanie produktu, aby kupuj\u0105cy m\u00f3g\u0142 oceni\u0107 zar\u00f3wno jego jako\u015b\u0107 jak i funkcjonalno\u015b\u0107.<\/p>\n","protected":false},"author":1,"featured_media":0,"parent":0,"menu_order":0,"comment_status":"closed","ping_status":"closed","template":"","meta":{"_monsterinsights_skip_tracking":false,"_monsterinsights_sitenote_active":false,"_monsterinsights_sitenote_note":"","_monsterinsights_sitenote_category":0,"footnotes":""},"class_list":["post-1402","page","type-page","status-publish","entry"],"jetpack_sharing_enabled":true,"_links":{"self":[{"href":"https:\/\/www.tankreds.com\/index.php?rest_route=\/wp\/v2\/pages\/1402","targetHints":{"allow":["GET"]}}],"collection":[{"href":"https:\/\/www.tankreds.com\/index.php?rest_route=\/wp\/v2\/pages"}],"about":[{"href":"https:\/\/www.tankreds.com\/index.php?rest_route=\/wp\/v2\/types\/page"}],"author":[{"embeddable":true,"href":"https:\/\/www.tankreds.com\/index.php?rest_route=\/wp\/v2\/users\/1"}],"replies":[{"embeddable":true,"href":"https:\/\/www.tankreds.com\/index.php?rest_route=%2Fwp%2Fv2%2Fcomments&post=1402"}],"version-history":[{"count":4,"href":"https:\/\/www.tankreds.com\/index.php?rest_route=\/wp\/v2\/pages\/1402\/revisions"}],"predecessor-version":[{"id":2206,"href":"https:\/\/www.tankreds.com\/index.php?rest_route=\/wp\/v2\/pages\/1402\/revisions\/2206"}],"wp:attachment":[{"href":"https:\/\/www.tankreds.com\/index.php?rest_route=%2Fwp%2Fv2%2Fmedia&parent=1402"}],"curies":[{"name":"wp","href":"https:\/\/api.w.org\/{rel}","templated":true}]}}