{"id":1148,"date":"2022-07-20T09:00:37","date_gmt":"2022-07-20T09:00:37","guid":{"rendered":"https:\/\/www.tankreds.com\/?page_id=1148"},"modified":"2023-01-09T23:22:24","modified_gmt":"2023-01-09T23:22:24","slug":"portret","status":"publish","type":"page","link":"https:\/\/www.tankreds.com\/?page_id=1148","title":{"rendered":"Zdj\u0119cia portretowe"},"content":{"rendered":"\n<figure class=\"wp-block-image size-full is-resized\"><a href=\"https:\/\/www.tankreds.com\/wp-content\/uploads\/2018\/03\/Bl-12-18266.jpg\"><img loading=\"lazy\" decoding=\"async\" src=\"https:\/\/www.tankreds.com\/wp-content\/uploads\/2018\/03\/Bl-12-18266.jpg\" alt=\"\" class=\"wp-image-90\" width=\"665\" height=\"1000\" srcset=\"https:\/\/www.tankreds.com\/wp-content\/uploads\/2018\/03\/Bl-12-18266.jpg 665w, https:\/\/www.tankreds.com\/wp-content\/uploads\/2018\/03\/Bl-12-18266-200x300.jpg 200w\" sizes=\"auto, (max-width: 665px) 100vw, 665px\" \/><\/a><\/figure>\n\n\n\n<h2 class=\"wp-block-heading\">Portret studyjny i plenerowy<\/h2>\n\n\n\n<p>Ten rodzaj fotografii, jest niejako moj\u0105 ulubion\u0105 form\u0105. Staram si\u0119 w nim ukaza\u0107 charakterystyczne cechy osoby, jej pasj\u0119 czy odczucia. Niezwykle trudna dziedzina fotografii ze wzgl\u0119du na nieobiektywn\u0105 ocen\u0119 osoby fotografowanej, kt\u00f3ra niejako widzi si\u0119 w wi\u0119kszo\u015bci przypadk\u00f3w inaczej, ni\u017c osoba fotografuj\u0105ca. Jednak to tylko pierwsze wra\u017cenie, kt\u00f3re najcz\u0119\u015bciej mija po czasie, i zaczynamy dostrzega\u0107 w zdj\u0119ciu to &#8222;co\u015b&#8221;. Jest to osobisty zapis osoby, kt\u00f3r\u0105 fotografuj\u0119 i niejako autorskie jej widzenie. Oczywi\u015bcie realizuj\u0119 r\u00f3wnie\u017c Wasze wersje Was samych wed\u0142ug Waszego pomys\u0142u.<\/p>\n","protected":false},"excerpt":{"rendered":"<p>Portret studyjny i plenerowy Ten rodzaj fotografii, jest niejako moj\u0105 ulubion\u0105 form\u0105. Staram si\u0119 w nim ukaza\u0107 charakterystyczne cechy osoby, jej pasj\u0119 czy odczucia. Niezwykle trudna dziedzina fotografii ze wzgl\u0119du na nieobiektywn\u0105 ocen\u0119 osoby fotografowanej, kt\u00f3ra niejako widzi si\u0119 w wi\u0119kszo\u015bci przypadk\u00f3w inaczej, ni\u017c osoba fotografuj\u0105ca. Jednak to tylko pierwsze wra\u017cenie, kt\u00f3re najcz\u0119\u015bciej mija po [&hellip;]<\/p>\n","protected":false},"author":1,"featured_media":0,"parent":0,"menu_order":0,"comment_status":"closed","ping_status":"closed","template":"","meta":{"_monsterinsights_skip_tracking":false,"_monsterinsights_sitenote_active":false,"_monsterinsights_sitenote_note":"","_monsterinsights_sitenote_category":0,"footnotes":""},"class_list":["post-1148","page","type-page","status-publish","entry"],"jetpack_sharing_enabled":true,"_links":{"self":[{"href":"https:\/\/www.tankreds.com\/index.php?rest_route=\/wp\/v2\/pages\/1148","targetHints":{"allow":["GET"]}}],"collection":[{"href":"https:\/\/www.tankreds.com\/index.php?rest_route=\/wp\/v2\/pages"}],"about":[{"href":"https:\/\/www.tankreds.com\/index.php?rest_route=\/wp\/v2\/types\/page"}],"author":[{"embeddable":true,"href":"https:\/\/www.tankreds.com\/index.php?rest_route=\/wp\/v2\/users\/1"}],"replies":[{"embeddable":true,"href":"https:\/\/www.tankreds.com\/index.php?rest_route=%2Fwp%2Fv2%2Fcomments&post=1148"}],"version-history":[{"count":4,"href":"https:\/\/www.tankreds.com\/index.php?rest_route=\/wp\/v2\/pages\/1148\/revisions"}],"predecessor-version":[{"id":2208,"href":"https:\/\/www.tankreds.com\/index.php?rest_route=\/wp\/v2\/pages\/1148\/revisions\/2208"}],"wp:attachment":[{"href":"https:\/\/www.tankreds.com\/index.php?rest_route=%2Fwp%2Fv2%2Fmedia&parent=1148"}],"curies":[{"name":"wp","href":"https:\/\/api.w.org\/{rel}","templated":true}]}}